{"id":344,"date":"2022-09-06T08:54:31","date_gmt":"2022-09-06T08:54:31","guid":{"rendered":"https:\/\/demo.creativethemes.com\/elementor\/beverr\/?page_id=344"},"modified":"2023-11-23T15:10:09","modified_gmt":"2023-11-23T15:10:09","slug":"projects","status":"publish","type":"page","link":"https:\/\/lenecas.com\/cs\/projects\/","title":{"rendered":"Projekty"},"content":{"rendered":"<div data-elementor-type=\"wp-page\" data-elementor-id=\"344\" class=\"elementor elementor-344\">\n\t\t\t\t\t\t\t<div class=\"elementor-element elementor-element-e978343 e-flex e-con-boxed e-con e-parent\" data-id=\"e978343\" data-element_type=\"container\" data-settings=\"{&quot;background_background&quot;:&quot;classic&quot;,&quot;content_width&quot;:&quot;boxed&quot;}\" data-core-v316-plus=\"true\">\n\t\t\t\t\t<div class=\"e-con-inner\">\n\t\t<div class=\"elementor-element elementor-element-113aeca e-con-full e-flex e-con e-child\" data-id=\"113aeca\" data-element_type=\"container\" data-settings=\"{&quot;content_width&quot;:&quot;full&quot;}\">\n\t\t\t\t<div class=\"elementor-element elementor-element-c88bbb8 elementor-widget elementor-widget-heading\" data-id=\"c88bbb8\" data-element_type=\"widget\" data-widget_type=\"heading.default\">\n\t\t\t\t<div class=\"elementor-widget-container\">\n\t\t\t<style>\/*! elementor - v3.17.0 - 08-11-2023 *\/\n.elementor-heading-title{padding:0;margin:0;line-height:1}.elementor-widget-heading .elementor-heading-title[class*=elementor-size-]>a{color:inherit;font-size:inherit;line-height:inherit}.elementor-widget-heading .elementor-heading-title.elementor-size-small{font-size:15px}.elementor-widget-heading .elementor-heading-title.elementor-size-medium{font-size:19px}.elementor-widget-heading .elementor-heading-title.elementor-size-large{font-size:29px}.elementor-widget-heading .elementor-heading-title.elementor-size-xl{font-size:39px}.elementor-widget-heading .elementor-heading-title.elementor-size-xxl{font-size:59px}<\/style><h2 class=\"elementor-heading-title elementor-size-default\">P\u0159\u00edpadov\u00e9 studie<\/h2>\t\t<\/div>\n\t\t\t\t<\/div>\n\t\t\t\t<div class=\"elementor-element elementor-element-ee705dd elementor-widget elementor-widget-image\" data-id=\"ee705dd\" data-element_type=\"widget\" data-widget_type=\"image.default\">\n\t\t\t\t<div class=\"elementor-widget-container\">\n\t\t\t<style>\/*! elementor - v3.17.0 - 08-11-2023 *\/\n.elementor-widget-image{text-align:center}.elementor-widget-image a{display:inline-block}.elementor-widget-image a img[src$=\".svg\"]{width:48px}.elementor-widget-image img{vertical-align:middle;display:inline-block}<\/style>\t\t\t\t\t\t\t\t\t\t\t\t<img decoding=\"async\" width=\"100\" height=\"100\" src=\"https:\/\/lenecas.com\/wp-content\/uploads\/2022\/07\/decorative-line-1.svg\" class=\"attachment-large size-large wp-image-31\" alt=\"\" \/>\t\t\t\t\t\t\t\t\t\t\t\t\t\t\t<\/div>\n\t\t\t\t<\/div>\n\t\t\t\t<\/div>\n\t\t<div class=\"elementor-element elementor-element-6ac1d3f e-con-full e-flex e-con e-child\" data-id=\"6ac1d3f\" data-element_type=\"container\" data-settings=\"{&quot;content_width&quot;:&quot;full&quot;,&quot;background_background&quot;:&quot;classic&quot;}\">\n\t\t\t\t<div class=\"elementor-element elementor-element-6519555 elementor-widget elementor-widget-image\" data-id=\"6519555\" data-element_type=\"widget\" data-widget_type=\"image.default\">\n\t\t\t\t<div class=\"elementor-widget-container\">\n\t\t\t\t\t\t\t\t\t\t\t\t\t\t\t<img fetchpriority=\"high\" decoding=\"async\" width=\"950\" height=\"950\" src=\"https:\/\/lenecas.com\/wp-content\/uploads\/2023\/11\/necas-cartoon-portfolio4.png\" class=\"attachment-large size-large wp-image-523\" alt=\"\" srcset=\"https:\/\/lenecas.com\/wp-content\/uploads\/2023\/11\/necas-cartoon-portfolio4.png 950w, https:\/\/lenecas.com\/wp-content\/uploads\/2023\/11\/necas-cartoon-portfolio4-300x300.png 300w, https:\/\/lenecas.com\/wp-content\/uploads\/2023\/11\/necas-cartoon-portfolio4-150x150.png 150w, https:\/\/lenecas.com\/wp-content\/uploads\/2023\/11\/necas-cartoon-portfolio4-768x768.png 768w\" sizes=\"(max-width: 950px) 100vw, 950px\" \/>\t\t\t\t\t\t\t\t\t\t\t\t\t\t\t<\/div>\n\t\t\t\t<\/div>\n\t\t\t\t<\/div>\n\t\t\t\t\t<\/div>\n\t\t\t\t<\/div>\n\t\t<div class=\"elementor-element elementor-element-7ff0b2b e-flex e-con-boxed e-con e-parent\" data-id=\"7ff0b2b\" data-element_type=\"container\" data-settings=\"{&quot;content_width&quot;:&quot;boxed&quot;}\" data-core-v316-plus=\"true\">\n\t\t\t\t\t<div class=\"e-con-inner\">\n\t\t\t\t<div class=\"elementor-element elementor-element-6b575da elementor-widget elementor-widget-heading\" data-id=\"6b575da\" data-element_type=\"widget\" data-widget_type=\"heading.default\">\n\t\t\t\t<div class=\"elementor-widget-container\">\n\t\t\t<h2 class=\"elementor-heading-title elementor-size-default\">Pod\u00edvejte se na m\u00e9 neuv\u011b\u0159iteln\u00e9 portfolio!<\/h2>\t\t<\/div>\n\t\t\t\t<\/div>\n\t\t\t\t\t<\/div>\n\t\t\t\t<\/div>\n\t\t<div class=\"elementor-element elementor-element-07ad536 e-flex e-con-boxed e-con e-parent\" data-id=\"07ad536\" data-element_type=\"container\" data-settings=\"{&quot;content_width&quot;:&quot;boxed&quot;}\" data-core-v316-plus=\"true\">\n\t\t\t\t\t<div class=\"e-con-inner\">\n\t\t\t\t<div class=\"elementor-element elementor-element-c85c61f elementor-widget elementor-widget-shortcode\" data-id=\"c85c61f\" data-element_type=\"widget\" data-widget_type=\"shortcode.default\">\n\t\t\t\t<div class=\"elementor-widget-container\">\n\t\t\t\t\t<div class=\"elementor-shortcode\"><div class=\"ct-posts-shortcode\" data-prefix=\"project_archive\"><div class=\"entries\" data-archive=\"default\" data-layout=\"grid\" data-cards=\"cover\"  data-hover=\"zoom-in\" ><article id=\"post-839\" class=\"entry-card post-839 project type-project status-publish has-post-thumbnail hentry\" ><a class=\"ct-image-container\" href=\"https:\/\/lenecas.com\/cs\/project\/buffalo-express-menu\/\" aria-label=\"Buffalo express menu\" tabindex=\"-1\"><img decoding=\"async\" width=\"768\" height=\"768\" src=\"https:\/\/lenecas.com\/wp-content\/uploads\/2024\/01\/menu-thumbnail-768x768.webp\" class=\"attachment-medium_large size-medium_large wp-post-image\" alt=\"\" srcset=\"https:\/\/lenecas.com\/wp-content\/uploads\/2024\/01\/menu-thumbnail-768x768.webp 768w, https:\/\/lenecas.com\/wp-content\/uploads\/2024\/01\/menu-thumbnail-300x300.webp 300w, https:\/\/lenecas.com\/wp-content\/uploads\/2024\/01\/menu-thumbnail-150x150.webp 150w, https:\/\/lenecas.com\/wp-content\/uploads\/2024\/01\/menu-thumbnail-12x12.webp 12w, https:\/\/lenecas.com\/wp-content\/uploads\/2024\/01\/menu-thumbnail.webp 950w\" sizes=\"(max-width: 768px) 100vw, 768px\" itemprop=\"image\" style=\"aspect-ratio: 1\/1;\" \/><\/a>\n\t<h2 class=\"entry-title\">\n\t\t<a href=\"https:\/\/lenecas.com\/cs\/project\/buffalo-express-menu\/\" rel=\"bookmark\">\n\t\t\tBuffalo express menu\t\t<\/a>\n\t<\/h2>\n\n\t<\/article><article id=\"post-325\" class=\"entry-card post-325 project type-project status-publish has-post-thumbnail hentry\" ><a class=\"ct-image-container\" href=\"https:\/\/lenecas.com\/cs\/project\/north-cyprus-apartments\/\" aria-label=\"North Cyprus Apartments\" tabindex=\"-1\"><img loading=\"lazy\" decoding=\"async\" width=\"768\" height=\"529\" src=\"https:\/\/lenecas.com\/wp-content\/uploads\/2022\/07\/mockup-kypr-768x529.jpeg\" class=\"attachment-medium_large size-medium_large wp-post-image\" alt=\"\" srcset=\"https:\/\/lenecas.com\/wp-content\/uploads\/2022\/07\/mockup-kypr-768x529.jpeg 768w, https:\/\/lenecas.com\/wp-content\/uploads\/2022\/07\/mockup-kypr-300x206.jpeg 300w, https:\/\/lenecas.com\/wp-content\/uploads\/2022\/07\/mockup-kypr-1024x705.jpeg 1024w, https:\/\/lenecas.com\/wp-content\/uploads\/2022\/07\/mockup-kypr.jpeg 1280w\" sizes=\"(max-width: 768px) 100vw, 768px\" itemprop=\"image\" style=\"aspect-ratio: 1280\/881;\" \/><\/a>\n\t<h2 class=\"entry-title\">\n\t\t<a href=\"https:\/\/lenecas.com\/cs\/project\/north-cyprus-apartments\/\" rel=\"bookmark\">\n\t\t\tNorth Cyprus Apartments\t\t<\/a>\n\t<\/h2>\n\n\t<\/article><article id=\"post-323\" class=\"entry-card post-323 project type-project status-publish has-post-thumbnail hentry\" ><a class=\"ct-image-container\" href=\"https:\/\/lenecas.com\/cs\/project\/vomar-group\/\" aria-label=\"Vomar Group\" tabindex=\"-1\"><img loading=\"lazy\" decoding=\"async\" width=\"768\" height=\"1150\" src=\"https:\/\/lenecas.com\/wp-content\/uploads\/2022\/07\/smartmockups_low0tdp2-768x1150.jpeg\" class=\"attachment-medium_large size-medium_large wp-post-image\" alt=\"\" srcset=\"https:\/\/lenecas.com\/wp-content\/uploads\/2022\/07\/smartmockups_low0tdp2-768x1150.jpeg 768w, https:\/\/lenecas.com\/wp-content\/uploads\/2022\/07\/smartmockups_low0tdp2-200x300.jpeg 200w, https:\/\/lenecas.com\/wp-content\/uploads\/2022\/07\/smartmockups_low0tdp2-684x1024.jpeg 684w, https:\/\/lenecas.com\/wp-content\/uploads\/2022\/07\/smartmockups_low0tdp2-1026x1536.jpeg 1026w, https:\/\/lenecas.com\/wp-content\/uploads\/2022\/07\/smartmockups_low0tdp2.jpeg 1280w\" sizes=\"(max-width: 768px) 100vw, 768px\" itemprop=\"image\" style=\"aspect-ratio: 1280\/1917;\" \/><\/a>\n\t<h2 class=\"entry-title\">\n\t\t<a href=\"https:\/\/lenecas.com\/cs\/project\/vomar-group\/\" rel=\"bookmark\">\n\t\t\tVomar Group\t\t<\/a>\n\t<\/h2>\n\n\t<\/article><article id=\"post-320\" class=\"entry-card post-320 project type-project status-publish has-post-thumbnail hentry\" ><a class=\"ct-image-container\" href=\"https:\/\/lenecas.com\/cs\/project\/moraviasoft\/\" aria-label=\"Moraviasoft\" tabindex=\"-1\"><img loading=\"lazy\" decoding=\"async\" width=\"768\" height=\"570\" src=\"https:\/\/lenecas.com\/wp-content\/uploads\/2022\/07\/thumbnail-moraviasoft-768x570.png\" class=\"attachment-medium_large size-medium_large wp-post-image\" alt=\"\" srcset=\"https:\/\/lenecas.com\/wp-content\/uploads\/2022\/07\/thumbnail-moraviasoft-768x570.png 768w, https:\/\/lenecas.com\/wp-content\/uploads\/2022\/07\/thumbnail-moraviasoft-300x223.png 300w, https:\/\/lenecas.com\/wp-content\/uploads\/2022\/07\/thumbnail-moraviasoft-1024x760.png 1024w, https:\/\/lenecas.com\/wp-content\/uploads\/2022\/07\/thumbnail-moraviasoft.png 1280w\" sizes=\"(max-width: 768px) 100vw, 768px\" itemprop=\"image\" style=\"aspect-ratio: 128\/95;\" \/><\/a>\n\t<h2 class=\"entry-title\">\n\t\t<a href=\"https:\/\/lenecas.com\/cs\/project\/moraviasoft\/\" rel=\"bookmark\">\n\t\t\tMoraviasoft\t\t<\/a>\n\t<\/h2>\n\n\t<\/article><article id=\"post-298\" class=\"entry-card post-298 project type-project status-publish has-post-thumbnail hentry\" ><a class=\"ct-image-container\" href=\"https:\/\/lenecas.com\/cs\/project\/avawork\/\" aria-label=\"Avawork\" tabindex=\"-1\"><img loading=\"lazy\" decoding=\"async\" width=\"768\" height=\"960\" src=\"https:\/\/lenecas.com\/wp-content\/uploads\/2022\/07\/thumbnail-avawork-web-768x960.jpeg\" class=\"attachment-medium_large size-medium_large wp-post-image\" alt=\"\" srcset=\"https:\/\/lenecas.com\/wp-content\/uploads\/2022\/07\/thumbnail-avawork-web-768x960.jpeg 768w, https:\/\/lenecas.com\/wp-content\/uploads\/2022\/07\/thumbnail-avawork-web-240x300.jpeg 240w, https:\/\/lenecas.com\/wp-content\/uploads\/2022\/07\/thumbnail-avawork-web-819x1024.jpeg 819w, https:\/\/lenecas.com\/wp-content\/uploads\/2022\/07\/thumbnail-avawork-web-1229x1536.jpeg 1229w, https:\/\/lenecas.com\/wp-content\/uploads\/2022\/07\/thumbnail-avawork-web.jpeg 1280w\" sizes=\"(max-width: 768px) 100vw, 768px\" itemprop=\"image\" style=\"aspect-ratio: 4\/5;\" \/><\/a>\n\t<h2 class=\"entry-title\">\n\t\t<a href=\"https:\/\/lenecas.com\/cs\/project\/avawork\/\" rel=\"bookmark\">\n\t\t\tAvawork\t\t<\/a>\n\t<\/h2>\n\n\t<\/article><article id=\"post-297\" class=\"entry-card post-297 project type-project status-publish has-post-thumbnail hentry\" ><a class=\"ct-image-container\" href=\"https:\/\/lenecas.com\/cs\/project\/pngroup\/\" aria-label=\"PNGROUP\" tabindex=\"-1\"><img loading=\"lazy\" decoding=\"async\" width=\"768\" height=\"646\" src=\"https:\/\/lenecas.com\/wp-content\/uploads\/2022\/07\/smartmockups_lp1ei4y0-e1700162873185-768x646.jpeg\" class=\"attachment-medium_large size-medium_large wp-post-image\" alt=\"\" srcset=\"https:\/\/lenecas.com\/wp-content\/uploads\/2022\/07\/smartmockups_lp1ei4y0-e1700162873185-768x646.jpeg 768w, https:\/\/lenecas.com\/wp-content\/uploads\/2022\/07\/smartmockups_lp1ei4y0-e1700162873185-300x252.jpeg 300w, https:\/\/lenecas.com\/wp-content\/uploads\/2022\/07\/smartmockups_lp1ei4y0-e1700162873185-1024x861.jpeg 1024w, https:\/\/lenecas.com\/wp-content\/uploads\/2022\/07\/smartmockups_lp1ei4y0-e1700162873185.jpeg 1066w\" sizes=\"(max-width: 768px) 100vw, 768px\" itemprop=\"image\" style=\"aspect-ratio: 533\/448;\" \/><\/a>\n\t<h2 class=\"entry-title\">\n\t\t<a href=\"https:\/\/lenecas.com\/cs\/project\/pngroup\/\" rel=\"bookmark\">\n\t\t\tPNGROUP\t\t<\/a>\n\t<\/h2>\n\n\t<\/article><\/div>\n\t\t<nav class=\"ct-pagination\" data-pagination=\"load_more\" >\n\t\t\t<span aria-current=\"page\" class=\"page-numbers current\">1<\/span>\n<a class=\"page-numbers\" href=\"https:\/\/lenecas.com\/cs\/wp-json\/wp\/v2\/pages\/344\/page\/2\/\">2<\/a><a class=\"next page-numbers\" rel=\"next\" href=\"https:\/\/lenecas.com\/cs\/wp-json\/wp\/v2\/pages\/344\/page\/2\/\">Next <svg width=\"9px\" height=\"9px\" viewbox=\"0 0 15 15\" fill=\"currentColor\"><path d=\"M4.1,15c0.2,0,0.4-0.1,0.6-0.2L11.4,8c0.3-0.3,0.3-0.8,0-1.1L4.8,0.2C4.5-0.1,4-0.1,3.7,0.2C3.4,0.5,3.4,1,3.7,1.3l6.1,6.1l-6.2,6.2c-0.3,0.3-0.3,0.8,0,1.1C3.7,14.9,3.9,15,4.1,15z\"\/><\/svg><\/a>\n\t\t\t<div class=\"ct-load-more-helper\"><button class=\"ct-button ct-load-more\">Load More<\/button><span data-loader=\"circles\"><span><\/span><span><\/span><span><\/span><\/span><div class=\"ct-last-page-text\">No more posts to load<\/div><\/div>\n\t\t<\/nav><\/div><\/div>\n\t\t\t\t<\/div>\n\t\t\t\t<\/div>\n\t\t\t\t\t<\/div>\n\t\t\t\t<\/div>\n\t\t<div class=\"elementor-element elementor-element-7057aef e-flex e-con-boxed e-con e-parent\" data-id=\"7057aef\" data-element_type=\"container\" data-settings=\"{&quot;background_background&quot;:&quot;classic&quot;,&quot;content_width&quot;:&quot;boxed&quot;}\" data-core-v316-plus=\"true\">\n\t\t\t\t\t<div class=\"e-con-inner\">\n\t\t<div class=\"elementor-element elementor-element-b498fca e-con-full e-flex e-con e-child\" data-id=\"b498fca\" data-element_type=\"container\" data-settings=\"{&quot;content_width&quot;:&quot;full&quot;,&quot;background_background&quot;:&quot;classic&quot;}\">\n\t\t\t\t<div class=\"elementor-element elementor-element-4920b74 elementor-widget elementor-widget-text-editor\" data-id=\"4920b74\" data-element_type=\"widget\" data-widget_type=\"text-editor.default\">\n\t\t\t\t<div class=\"elementor-widget-container\">\n\t\t\t<style>\/*! elementor - v3.17.0 - 08-11-2023 *\/\n.elementor-widget-text-editor.elementor-drop-cap-view-stacked .elementor-drop-cap{background-color:#69727d;color:#fff}.elementor-widget-text-editor.elementor-drop-cap-view-framed .elementor-drop-cap{color:#69727d;border:3px solid;background-color:transparent}.elementor-widget-text-editor:not(.elementor-drop-cap-view-default) .elementor-drop-cap{margin-top:8px}.elementor-widget-text-editor:not(.elementor-drop-cap-view-default) .elementor-drop-cap-letter{width:1em;height:1em}.elementor-widget-text-editor .elementor-drop-cap{float:left;text-align:center;line-height:1;font-size:50px}.elementor-widget-text-editor .elementor-drop-cap-letter{display:inline-block}<\/style>\t\t\t\t<p>M\u00e1te skv\u011bl\u00fd n\u00e1pad?<\/p>\t\t\t\t\t\t<\/div>\n\t\t\t\t<\/div>\n\t\t\t\t<div class=\"elementor-element elementor-element-fc8c980 elementor-widget elementor-widget-heading\" data-id=\"fc8c980\" data-element_type=\"widget\" data-widget_type=\"heading.default\">\n\t\t\t\t<div class=\"elementor-widget-container\">\n\t\t\t<h2 class=\"elementor-heading-title elementor-size-default\">Poj\u010fme si promluvit<br>o va\u0161em projektu<\/h2>\t\t<\/div>\n\t\t\t\t<\/div>\n\t\t\t\t<div class=\"elementor-element elementor-element-b628582 elementor-widget elementor-widget-button\" data-id=\"b628582\" data-element_type=\"widget\" data-widget_type=\"button.default\">\n\t\t\t\t<div class=\"elementor-widget-container\">\n\t\t\t\t\t<div class=\"elementor-button-wrapper\">\n\t\t\t<a class=\"elementor-button elementor-button-link elementor-size-sm\" href=\"https:\/\/lenecas.com\/cs\/contacts\/\">\n\t\t\t\t\t\t<span class=\"elementor-button-content-wrapper\">\n\t\t\t\t\t\t<span class=\"elementor-button-text\">Kontaktujte m\u011b<\/span>\n\t\t<\/span>\n\t\t\t\t\t<\/a>\n\t\t<\/div>\n\t\t\t\t<\/div>\n\t\t\t\t<\/div>\n\t\t\t\t<\/div>\n\t\t<div class=\"elementor-element elementor-element-1dcc92f e-con-full e-flex e-con e-child\" data-id=\"1dcc92f\" data-element_type=\"container\" data-settings=\"{&quot;content_width&quot;:&quot;full&quot;,&quot;background_background&quot;:&quot;classic&quot;}\">\n\t\t\t\t<div class=\"elementor-element elementor-element-6e71902 elementor-widget elementor-widget-image\" data-id=\"6e71902\" data-element_type=\"widget\" data-widget_type=\"image.default\">\n\t\t\t\t<div class=\"elementor-widget-container\">\n\t\t\t\t\t\t\t\t\t\t\t\t\t\t\t<img loading=\"lazy\" decoding=\"async\" width=\"796\" height=\"1024\" src=\"https:\/\/lenecas.com\/wp-content\/uploads\/2023\/11\/necas-cta-cartoon-796x1024.png\" class=\"attachment-large size-large wp-image-518 wp-post-image\" alt=\"\" srcset=\"https:\/\/lenecas.com\/wp-content\/uploads\/2023\/11\/necas-cta-cartoon-796x1024.png 796w, https:\/\/lenecas.com\/wp-content\/uploads\/2023\/11\/necas-cta-cartoon-233x300.png 233w, https:\/\/lenecas.com\/wp-content\/uploads\/2023\/11\/necas-cta-cartoon-768x987.png 768w, https:\/\/lenecas.com\/wp-content\/uploads\/2023\/11\/necas-cta-cartoon-1195x1536.png 1195w, https:\/\/lenecas.com\/wp-content\/uploads\/2023\/11\/necas-cta-cartoon.png 1260w\" sizes=\"(max-width: 796px) 100vw, 796px\" \/>\t\t\t\t\t\t\t\t\t\t\t\t\t\t\t<\/div>\n\t\t\t\t<\/div>\n\t\t\t\t<\/div>\n\t\t\t\t\t<\/div>\n\t\t\t\t<\/div>\n\t\t\t\t\t\t\t<\/div>","protected":false},"excerpt":{"rendered":"<p>Case studies Take a look at my incredible portfolio! Have a great idea? Let\u2019s talk aboutyour project Contact Me<\/p>","protected":false},"author":1,"featured_media":0,"parent":0,"menu_order":0,"comment_status":"closed","ping_status":"closed","template":"","meta":{"om_disable_all_campaigns":false,"_monsterinsights_skip_tracking":false,"_monsterinsights_sitenote_active":false,"_monsterinsights_sitenote_note":"","_monsterinsights_sitenote_category":0,"footnotes":""},"blocksy_meta":{"page_title_panel":"","has_hero_section":"disabled","d6ed6ab699218502a24d0d3698bb253e":"","hero_section":"type-1","hero_elements":[{"id":"custom_title","enabled":true,"heading_tag":"h1","title":"Home"},{"id":"custom_description","enabled":true,"description_visibility":{"desktop":true,"tablet":true,"mobile":false}},{"id":"custom_meta","enabled":false,"meta_elements":[{"id":"author","enabled":true,"label":"By","has_author_avatar":"yes","avatar_size":25},{"id":"post_date","enabled":true,"label":"On","date_format_source":"default","date_format":"M j, Y"},{"id":"updated_date","enabled":false,"label":"On","date_format_source":"default","date_format":"M j, Y"},{"id":"categories","enabled":false,"label":"In","style":"simple"},{"id":"comments","enabled":true}],"page_meta_elements":{"joined":true,"articles_count":true,"comments":true}},{"id":"breadcrumbs","enabled":false}],"3cfe88aae90a4847c7c5a6ed6d0775ff":"","hero_alignment1":"CT_CSS_SKIP_RULE","hero_margin":40,"hero_alignment2":"center","hero_vertical_alignment":"center","6f7333bf1768885db2d09aeed5cd66f6":"","hero_structure":"narrow","9dcef3aa9cf57396bc9805f4d4ad0957":"","page_title_bg_type":"featured_image","custom_hero_background":{"attachment_id":null},"page_title_image_size":"full","parallax":{"desktop":false,"tablet":false,"mobile":false},"e29fd4414df2315d25dcee64564887cf":"","hero_height":"250px","pageTitleFont":{"family":"Default","variation":"Default","size":"30px","line-height":"CT_CSS_SKIP_RULE","letter-spacing":"CT_CSS_SKIP_RULE","text-transform":"CT_CSS_SKIP_RULE","text-decoration":"CT_CSS_SKIP_RULE"},"pageTitleFontColor":{"default":{"color":"CT_CSS_SKIP_RULEDEFAULT"}},"pageMetaFont":{"family":"Default","variation":"n6","size":"12px","line-height":"1.3","letter-spacing":"CT_CSS_SKIP_RULE","text-transform":"uppercase","text-decoration":"CT_CSS_SKIP_RULE"},"pageMetaFontColor":{"default":{"color":"CT_CSS_SKIP_RULEDEFAULT"},"hover":{"color":"CT_CSS_SKIP_RULEDEFAULT"}},"page_meta_button_type_font_colors":{"default":{"color":"CT_CSS_SKIP_RULEDEFAULT"},"hover":{"color":"CT_CSS_SKIP_RULEDEFAULT"}},"page_meta_button_type_background_colors":{"default":{"color":"CT_CSS_SKIP_RULEDEFAULT"},"hover":{"color":"CT_CSS_SKIP_RULEDEFAULT"}},"pageExcerptFont":{"family":"Default","variation":"Default","size":"CT_CSS_SKIP_RULE","line-height":"CT_CSS_SKIP_RULE","letter-spacing":"CT_CSS_SKIP_RULE","text-transform":"CT_CSS_SKIP_RULE","text-decoration":"CT_CSS_SKIP_RULE"},"pageExcerptColor":{"default":{"color":"CT_CSS_SKIP_RULEDEFAULT"}},"breadcrumbsFont":{"family":"Default","variation":"Default","size":"CT_CSS_SKIP_RULE","line-height":"CT_CSS_SKIP_RULE","letter-spacing":"CT_CSS_SKIP_RULE","text-transform":"CT_CSS_SKIP_RULE","text-decoration":"CT_CSS_SKIP_RULE"},"breadcrumbsFontColor":{"default":{"color":"CT_CSS_SKIP_RULEDEFAULT"},"initial":{"color":"CT_CSS_SKIP_RULEDEFAULT"},"hover":{"color":"CT_CSS_SKIP_RULEDEFAULT"}},"pageTitleOverlay":{"background_type":"color","background_pattern":"type-1","background_image":{"attachment_id":null,"x":0,"y":0},"gradient":"linear-gradient(135deg,rgba(6,147,227,1) 0%,rgb(155,81,224) 100%)","background_repeat":"repeat","background_size":"auto","background_attachment":"scroll","patternColor":{"default":{"color":"#e5e7ea"}},"overlayColor":{"default":{"color":"CT_CSS_SKIP_RULE"}},"backgroundColor":{"default":{"color":"CT_CSS_SKIP_RULE"}}},"pageTitleBackground":{"background_type":"color","background_pattern":"type-1","background_image":{"attachment_id":null,"x":0,"y":0},"gradient":"linear-gradient(135deg,rgba(6,147,227,1) 0%,rgb(155,81,224) 100%)","background_repeat":"repeat","background_size":"auto","background_attachment":"scroll","patternColor":{"default":{"color":"#e5e7ea"}},"overlayColor":{"default":{"color":"CT_CSS_SKIP_RULE"}},"backgroundColor":{"default":{"color":"var(--paletteColor6)"}}},"pageTitlePadding":{"top":"50px","bottom":"50px","left":"auto","right":"auto","linked":true},"f09b5981b89d0f002d457623de2edadc":"","page_structure_type":"default","d6e304777f10d43fc8c2df048dedb59f":"","content_style_source":"inherit","content_style":"wide","vertical_spacing_source":"custom","content_area_spacing":"none","background":{"background_type":"color","background_pattern":"type-1","background_image":{"attachment_id":null,"x":0,"y":0},"gradient":"linear-gradient(135deg,rgba(6,147,227,1) 0%,rgb(155,81,224) 100%)","background_repeat":"repeat","background_size":"auto","background_attachment":"scroll","patternColor":{"default":{"color":"#e5e7ea"}},"overlayColor":{"default":{"color":"CT_CSS_SKIP_RULE"}},"backgroundColor":{"default":{"color":"CT_CSS_SKIP_RULE"}}},"content_background":{"background_type":"color","background_pattern":"type-1","background_image":{"attachment_id":null,"x":0,"y":0},"gradient":"linear-gradient(135deg,rgba(6,147,227,1) 0%,rgb(155,81,224) 100%)","background_repeat":"repeat","background_size":"auto","background_attachment":"scroll","patternColor":{"default":{"color":"#e5e7ea"}},"overlayColor":{"default":{"color":"CT_CSS_SKIP_RULE"}},"backgroundColor":{"default":{"color":"var(--paletteColor8)"}}},"content_boxed_shadow":{"inherit":false,"blur":18,"spread":-6,"v_offset":12,"h_offset":0,"inset":false,"enable":true,"color":{"color":"rgba(34, 56, 101, 0.04)"}},"content_boxed_border":{"width":1,"style":"none","color":{"color":"rgba(44,62,80,0.2)"}},"content_boxed_radius":{"top":"3px","bottom":"3px","left":"3px","right":"3px","linked":true},"boxed_content_spacing":{"desktop":{"top":"40px","bottom":"40px","left":"40px","right":"40px","linked":true},"tablet":{"top":"35px","bottom":"35px","left":"35px","right":"35px","linked":true},"mobile":{"top":"20px","bottom":"20px","left":"20px","right":"20px","linked":true}},"5674d1bffc89f83c06fd8d78e61ac2e1":"","disable_featured_image":"no","disable_share_box":"no","disable_header":"no","disable_footer":"no","styles_descriptor":{"styles":{"desktop":"","tablet":"","mobile":""},"google_fonts":[],"version":5}},"aioseo_notices":[],"_links":{"self":[{"href":"https:\/\/lenecas.com\/cs\/wp-json\/wp\/v2\/pages\/344"}],"collection":[{"href":"https:\/\/lenecas.com\/cs\/wp-json\/wp\/v2\/pages"}],"about":[{"href":"https:\/\/lenecas.com\/cs\/wp-json\/wp\/v2\/types\/page"}],"author":[{"embeddable":true,"href":"https:\/\/lenecas.com\/cs\/wp-json\/wp\/v2\/users\/1"}],"replies":[{"embeddable":true,"href":"https:\/\/lenecas.com\/cs\/wp-json\/wp\/v2\/comments?post=344"}],"version-history":[{"count":12,"href":"https:\/\/lenecas.com\/cs\/wp-json\/wp\/v2\/pages\/344\/revisions"}],"predecessor-version":[{"id":738,"href":"https:\/\/lenecas.com\/cs\/wp-json\/wp\/v2\/pages\/344\/revisions\/738"}],"wp:attachment":[{"href":"https:\/\/lenecas.com\/cs\/wp-json\/wp\/v2\/media?parent=344"}],"curies":[{"name":"wp","href":"https:\/\/api.w.org\/{rel}","templated":true}]}}